{"id":611,"date":"2026-02-20T10:43:48","date_gmt":"2026-02-20T09:43:48","guid":{"rendered":"https:\/\/arverneshomes.fr\/?page_id=611"},"modified":"2026-02-20T10:48:04","modified_gmt":"2026-02-20T09:48:04","slug":"lalcove-secrete-suite-medievale-et-spa","status":"publish","type":"page","link":"https:\/\/arverneshomes.fr\/index.php\/lalcove-secrete-suite-medievale-et-spa\/","title":{"rendered":"L&#8217;alcove secr\u00e8te &#8211; Suite m\u00e9di\u00e9vale et Spa"},"content":{"rendered":"\n<iframe loading=\"lazy\" id=\"bookingengine\" allowfullscreen=\"\" src=\"https:\/\/app.superhote.com\/#\/rental\/propertyKeyjK2SeTKTUpDT7FLNnKTptU1hP\" style=\"display:block;\" width=\"100%\" height=\"3879\" frameborder=\"0\" sandbox=\"allow-scripts allow-forms allow-same-origin allow-presentation allow-top-navigation\"><\/iframe>\n","protected":false},"excerpt":{"rendered":"","protected":false},"author":1,"featured_media":0,"parent":0,"menu_order":0,"comment_status":"closed","ping_status":"closed","template":"","meta":{"_monsterinsights_skip_tracking":false,"_monsterinsights_sitenote_active":false,"_monsterinsights_sitenote_note":"","_monsterinsights_sitenote_category":0,"_uf_show_specific_survey":0,"_uf_disable_surveys":false,"neve_meta_sidebar":"","neve_meta_container":"","neve_meta_enable_content_width":"","neve_meta_content_width":0,"neve_meta_title_alignment":"","neve_meta_author_avatar":"","neve_post_elements_order":"","neve_meta_disable_header":"","neve_meta_disable_footer":"","neve_meta_disable_title":"","_themeisle_gutenberg_block_has_review":false,"footnotes":""},"aioseo_notices":[],"_links":{"self":[{"href":"https:\/\/arverneshomes.fr\/index.php\/wp-json\/wp\/v2\/pages\/611"}],"collection":[{"href":"https:\/\/arverneshomes.fr\/index.php\/wp-json\/wp\/v2\/pages"}],"about":[{"href":"https:\/\/arverneshomes.fr\/index.php\/wp-json\/wp\/v2\/types\/page"}],"author":[{"embeddable":true,"href":"https:\/\/arverneshomes.fr\/index.php\/wp-json\/wp\/v2\/users\/1"}],"replies":[{"embeddable":true,"href":"https:\/\/arverneshomes.fr\/index.php\/wp-json\/wp\/v2\/comments?post=611"}],"version-history":[{"count":2,"href":"https:\/\/arverneshomes.fr\/index.php\/wp-json\/wp\/v2\/pages\/611\/revisions"}],"predecessor-version":[{"id":613,"href":"https:\/\/arverneshomes.fr\/index.php\/wp-json\/wp\/v2\/pages\/611\/revisions\/613"}],"wp:attachment":[{"href":"https:\/\/arverneshomes.fr\/index.php\/wp-json\/wp\/v2\/media?parent=611"}],"curies":[{"name":"wp","href":"https:\/\/api.w.org\/{rel}","templated":true}]}}