{"id":454,"date":"2024-02-01T18:35:42","date_gmt":"2024-02-01T17:35:42","guid":{"rendered":"https:\/\/arverneshomes.fr\/?page_id=454"},"modified":"2026-02-06T14:14:40","modified_gmt":"2026-02-06T13:14:40","slug":"offer","status":"publish","type":"page","link":"https:\/\/arverneshomes.fr\/index.php\/offer\/","title":{"rendered":"Nos services"},"content":{"rendered":"\n<pre class=\"wp-block-code\"><code><section id=\"wp-block-themeisle-blocks-advanced-columns-e0e1ab2e\" class=\"wp-block-themeisle-blocks-advanced-columns alignfull has-2-columns has-desktop-equal-layout has-tablet-equal-layout has-mobile-collapsedRows-layout has-vertical-flex-start ticss-7b5eb70a\"><div class=\"wp-block-themeisle-blocks-advanced-columns-overlay\"><\/div><div class=\"innerblocks-wrap\">\n<div id=\"wp-block-themeisle-blocks-advanced-column-2489d76c\" class=\"wp-block-themeisle-blocks-advanced-column\">\n<h3 id=\"wp-block-themeisle-blocks-advanced-heading-e30ccf77\" class=\"wp-block-themeisle-blocks-advanced-heading wp-block-themeisle-blocks-advanced-heading-e30ccf77\">Conciergerie<\/h3>\n<h2 id=\"wp-block-themeisle-blocks-advanced-heading-01f7ed6b\" class=\"wp-block-themeisle-blocks-advanced-heading wp-block-themeisle-blocks-advanced-heading-01f7ed6b\"><strong><strong>20%<\/strong><\/strong><\/h2>\n<p id=\"wp-block-themeisle-blocks-advanced-heading-fe18de7e\" class=\"wp-block-themeisle-blocks-advanced-heading wp-block-themeisle-blocks-advanced-heading-fe18de7e\">De commission sur les revenus g\u00e9n\u00e9r\u00e9s hors m\u00e9nages<\/p>\n<div id=\"wp-block-themeisle-blocks-icon-list-fb8b7e9c\" class=\"wp-block-themeisle-blocks-icon-list\">\n<div id=\"wp-block-themeisle-blocks-icon-list-item-78a49dfc\" class=\"wp-block-themeisle-blocks-icon-list-item\"><i class=\"fas fa-calendar wp-block-themeisle-blocks-icon-list-item-icon\"><\/i><p class=\"wp-block-themeisle-blocks-icon-list-item-content\"><strong>Gestion d'annonces<\/strong><\/p><\/div>\n<div id=\"wp-block-themeisle-blocks-icon-list-item-f341b063\" class=\"wp-block-themeisle-blocks-icon-list-item\"><i class=\"fas fa-comment-dots wp-block-themeisle-blocks-icon-list-item-icon\"><\/i><p class=\"wp-block-themeisle-blocks-icon-list-item-content\"><strong>Relation voyageurs 24h\/7j<\/strong><\/p><\/div>\n<div id=\"wp-block-themeisle-blocks-icon-list-item-8216d9b3\" class=\"wp-block-themeisle-blocks-icon-list-item\"><i class=\"fas fa-hands-wash wp-block-themeisle-blocks-icon-list-item-icon\"><\/i><p class=\"wp-block-themeisle-blocks-icon-list-item-content\"><strong>Gestion des m\u00e9nages<\/strong><\/p><\/div>\n<div id=\"wp-block-themeisle-blocks-icon-list-item-1c648ab6\" class=\"wp-block-themeisle-blocks-icon-list-item\"><i class=\"fas fa-dolly wp-block-themeisle-blocks-icon-list-item-icon\"><\/i><p class=\"wp-block-themeisle-blocks-icon-list-item-content\"><strong>Gestion du linge<\/strong><\/p><\/div>\n<div id=\"wp-block-themeisle-blocks-icon-list-item-14ea1040\" class=\"wp-block-themeisle-blocks-icon-list-item\"><i class=\"fas fa-chart-pie wp-block-themeisle-blocks-icon-list-item-icon\"><\/i><p class=\"wp-block-themeisle-blocks-icon-list-item-content\"><strong>Rapport r\u00e9gulier des performances<\/strong><\/p><\/div>\n<div id=\"wp-block-themeisle-blocks-icon-list-item-30077795\" class=\"wp-block-themeisle-blocks-icon-list-item\"><i class=\"fas fa-wrench wp-block-themeisle-blocks-icon-list-item-icon\"><\/i><p class=\"wp-block-themeisle-blocks-icon-list-item-content\"><strong>Gestion maintenance et entretien<\/strong><\/p><\/div>\n<\/div>\n<p>Frais de d\u00e9marrage de 400\u20ac incluant :<\/p>\n<div id=\"wp-block-themeisle-blocks-icon-list-6c95506e\" class=\"wp-block-themeisle-blocks-icon-list\">\n<div id=\"wp-block-themeisle-blocks-icon-list-item-bfc85248\" class=\"wp-block-themeisle-blocks-icon-list-item\"><i class=\"fas fa-camera-retro wp-block-themeisle-blocks-icon-list-item-icon\"><\/i><p class=\"wp-block-themeisle-blocks-icon-list-item-content\">Les photos du bien<\/p><\/div>\n<div id=\"wp-block-themeisle-blocks-icon-list-item-53478b30\" class=\"wp-block-themeisle-blocks-icon-list-item\"><i class=\"fas fa-sitemap wp-block-themeisle-blocks-icon-list-item-icon\"><\/i><p class=\"wp-block-themeisle-blocks-icon-list-item-content\">Cr\u00e9ation des annonces sur Airbnb, Booking et en direct<\/p><\/div>\n<div id=\"wp-block-themeisle-blocks-icon-list-item-21a74bf4\" class=\"wp-block-themeisle-blocks-icon-list-item\"><i class=\"far fa-credit-card wp-block-themeisle-blocks-icon-list-item-icon\"><\/i><p class=\"wp-block-themeisle-blocks-icon-list-item-content\">Int\u00e9gration de la r\u00e9servation en direct ( sur notre site )<\/p><\/div>\n<div id=\"wp-block-themeisle-blocks-icon-list-item-dd46ab17\" class=\"wp-block-themeisle-blocks-icon-list-item\"><i class=\"fas fa-book-open wp-block-themeisle-blocks-icon-list-item-icon\"><\/i><p class=\"wp-block-themeisle-blocks-icon-list-item-content\">Cr\u00e9ation du guide d'accueil physique<\/p><\/div>\n<div id=\"wp-block-themeisle-blocks-icon-list-item-24bf0115\" class=\"wp-block-themeisle-blocks-icon-list-item\"><i class=\"fas fa-cogs wp-block-themeisle-blocks-icon-list-item-icon\"><\/i><p class=\"wp-block-themeisle-blocks-icon-list-item-content\">Automatisation si possible de l'entr\u00e9e ( surco\u00fbt possible )<\/p><\/div>\n<\/div>\n<\/div>\n<div id=\"wp-block-themeisle-blocks-advanced-column-6dfee10b\" class=\"wp-block-themeisle-blocks-advanced-column\">\n<h3 class=\"wp-block-heading\">Plus de d\u00e9tails :<\/h3>\n<ul class=\"has-small-font-size\">\n<li style=\"font-size:12px;letter-spacing:0px;text-transform:capitalize\"><strong>Gestion des annonces<\/strong> :\n<strong>Suivi des calendriers<\/strong>\n<strong>Mises \u00e0 jours r\u00e9guli\u00e8res pour assurer le r\u00e9f\u00e9rencement<\/strong>\n<strong>Revenu management (ajustement des prix quotidiennement)<\/strong><\/li>\n<li style=\"font-size:12px\"><strong>Relation voyageur<\/strong> :\n<strong>Communication et assistance<\/strong>\n<strong>Cr\u00e9ation de l\u2019entr\u00e9e autonome<\/strong>\n<strong>Gestion des litiges (casses, vol...)<\/strong><\/li>\n<li style=\"font-size:12px\"><strong>Gestion des m\u00e9nages<\/strong> :\n<strong>Planification des \u00e9quipes<\/strong>\n<strong>Nettoyages apr\u00e8s les s\u00e9jours<\/strong>\n<strong>Pr\u00e9paration et r\u00e9assort pour les arriv\u00e9es<\/strong><\/li>\n<li style=\"font-size:12px\"><strong>Gestion du linge<\/strong> :\n<strong>Lavage et s\u00e9chage<\/strong>\n<strong>Rotation et installation<\/strong>\n<strong>La literie et le linge de bain sont fournis<\/strong><\/li>\n<li style=\"font-size:12px\"><strong>Rapport r\u00e9gulier des performances<\/strong> :\n<strong>Document de suivi de l\u2019occupation, des revenus etc...<\/strong><\/li>\n<li style=\"font-size:12px\"><strong>Gestion de la maintenance et entretien<\/strong> :\n<strong>Gestion des artisans (sur devis)<\/strong><\/li>\n<\/ul>\n<\/div>\n<\/div><\/section><\/code><\/pre>\n\n\n\n<div style=\"height:48px\" aria-hidden=\"true\" class=\"wp-block-spacer\"><\/div>\n\n\n\n<figure class=\"wp-block-gallery has-nested-images columns-default is-cropped wp-block-gallery-1 is-layout-flex wp-block-gallery-is-layout-flex\">\n<figure class=\"wp-block-image\"><img loading=\"lazy\" decoding=\"async\" width=\"1024\" height=\"768\" data-id=\"570\" src=\"https:\/\/arverneshomes.fr\/wp-content\/uploads\/2024\/03\/IMG20240125165309-1024x768.jpg\" alt=\"\" class=\"wp-image-570\" srcset=\"https:\/\/arverneshomes.fr\/wp-content\/uploads\/2024\/03\/IMG20240125165309-1024x768.jpg 1024w, https:\/\/arverneshomes.fr\/wp-content\/uploads\/2024\/03\/IMG20240125165309-300x225.jpg 300w, https:\/\/arverneshomes.fr\/wp-content\/uploads\/2024\/03\/IMG20240125165309-768x576.jpg 768w, https:\/\/arverneshomes.fr\/wp-content\/uploads\/2024\/03\/IMG20240125165309-1536x1152.jpg 1536w, https:\/\/arverneshomes.fr\/wp-content\/uploads\/2024\/03\/IMG20240125165309-2048x1536.jpg 2048w\" sizes=\"(max-width: 1024px) 100vw, 1024px\" \/><figcaption class=\"wp-element-caption\"><a href=\"https:\/\/arverneshomes.fr\/index.php\/labelleriveduvoyageur\/Chambre de la Bellerive du Voyageur\"><strong><mark style=\"background-color:rgba(0, 0, 0, 0)\" class=\"has-inline-color has-nv-text-dark-bg-color\">S\u00e9jour de la Bellerive du Voyageur<\/mark><\/strong><\/a><\/figcaption><\/figure>\n\n\n\n<figure class=\"wp-block-image\"><img loading=\"lazy\" decoding=\"async\" width=\"1024\" height=\"768\" data-id=\"573\" src=\"https:\/\/arverneshomes.fr\/wp-content\/uploads\/2024\/03\/IMG20240125165509-1024x768.jpg\" alt=\"\" class=\"wp-image-573\" srcset=\"https:\/\/arverneshomes.fr\/wp-content\/uploads\/2024\/03\/IMG20240125165509-1024x768.jpg 1024w, https:\/\/arverneshomes.fr\/wp-content\/uploads\/2024\/03\/IMG20240125165509-300x225.jpg 300w, https:\/\/arverneshomes.fr\/wp-content\/uploads\/2024\/03\/IMG20240125165509-768x576.jpg 768w, https:\/\/arverneshomes.fr\/wp-content\/uploads\/2024\/03\/IMG20240125165509-1536x1152.jpg 1536w, https:\/\/arverneshomes.fr\/wp-content\/uploads\/2024\/03\/IMG20240125165509-2048x1536.jpg 2048w\" sizes=\"(max-width: 1024px) 100vw, 1024px\" \/><figcaption class=\"wp-element-caption\"><a href=\"https:\/\/arverneshomes.fr\/index.php\/labelleriveduvoyageur\/Chambre de la Bellerive du Voyageur\" title=\"\"><strong>Chambre de la Bellerive du Voyageur<\/strong><\/a><\/figcaption><\/figure>\n\n\n\n<figure class=\"wp-block-image\"><img loading=\"lazy\" decoding=\"async\" width=\"1024\" height=\"768\" data-id=\"576\" src=\"https:\/\/arverneshomes.fr\/wp-content\/uploads\/2024\/03\/litlepetitcebazaire-1024x768.jpg\" alt=\"\" class=\"wp-image-576\" srcset=\"https:\/\/arverneshomes.fr\/wp-content\/uploads\/2024\/03\/litlepetitcebazaire-1024x768.jpg 1024w, https:\/\/arverneshomes.fr\/wp-content\/uploads\/2024\/03\/litlepetitcebazaire-300x225.jpg 300w, https:\/\/arverneshomes.fr\/wp-content\/uploads\/2024\/03\/litlepetitcebazaire-768x576.jpg 768w, https:\/\/arverneshomes.fr\/wp-content\/uploads\/2024\/03\/litlepetitcebazaire-1536x1152.jpg 1536w, https:\/\/arverneshomes.fr\/wp-content\/uploads\/2024\/03\/litlepetitcebazaire-2048x1536.jpg 2048w\" sizes=\"(max-width: 1024px) 100vw, 1024px\" \/><figcaption class=\"wp-element-caption\"><a href=\"https:\/\/arverneshomes.fr\/index.php\/lepetitcebazaire\/\" title=\"\"><strong>Studio Le Petit C\u00e9bazaire<\/strong><\/a><\/figcaption><\/figure>\n\n\n\n<figure class=\"wp-block-image\"><img loading=\"lazy\" decoding=\"async\" width=\"1024\" height=\"576\" data-id=\"571\" src=\"https:\/\/arverneshomes.fr\/wp-content\/uploads\/2024\/03\/IMG20240320094713-1024x576.jpg\" alt=\"\" class=\"wp-image-571\" srcset=\"https:\/\/arverneshomes.fr\/wp-content\/uploads\/2024\/03\/IMG20240320094713-1024x576.jpg 1024w, https:\/\/arverneshomes.fr\/wp-content\/uploads\/2024\/03\/IMG20240320094713-300x169.jpg 300w, https:\/\/arverneshomes.fr\/wp-content\/uploads\/2024\/03\/IMG20240320094713-768x432.jpg 768w, https:\/\/arverneshomes.fr\/wp-content\/uploads\/2024\/03\/IMG20240320094713-1536x864.jpg 1536w, https:\/\/arverneshomes.fr\/wp-content\/uploads\/2024\/03\/IMG20240320094713-2048x1152.jpg 2048w\" sizes=\"(max-width: 1024px) 100vw, 1024px\" \/><figcaption class=\"wp-element-caption\"><strong><a href=\"https:\/\/arverneshomes.fr\/index.php\/booking\/\" title=\"\">Kit d&#8217;accueil voyageur<\/a><\/strong><\/figcaption><\/figure>\n<\/figure>\n\n\n\n<div style=\"height:80px\" aria-hidden=\"true\" class=\"wp-block-spacer\"><\/div>\n\n\n\n<h2 class=\"wp-block-heading has-text-align-center\">Nos autres solutions pour votre logement<\/h2>\n\n\n\n<div id=\"wp-block-themeisle-blocks-advanced-columns-2ce09b5e\" class=\"wp-block-themeisle-blocks-advanced-columns has-2-columns has-desktop-equal-layout has-tablet-equal-layout has-mobile-collapsedRows-layout has-vertical-unset\"><div class=\"wp-block-themeisle-blocks-advanced-columns-overlay\"><\/div><div class=\"innerblocks-wrap\">\n\n<div id=\"wp-block-themeisle-blocks-advanced-column-045c87ce\" class=\"wp-block-themeisle-blocks-advanced-column\">\n\n<h3 id=\"wp-block-themeisle-blocks-advanced-heading-f162f5bc\" class=\"wp-block-themeisle-blocks-advanced-heading wp-block-themeisle-blocks-advanced-heading-f162f5bc\">Sous-location professionnelle<\/h3>\n\n\n<p id=\"wp-block-themeisle-blocks-advanced-heading-44e56fe1\" class=\"wp-block-themeisle-blocks-advanced-heading wp-block-themeisle-blocks-advanced-heading-44e56fe1\">Toucher 100% de vos loyers classiques \u00e0 l&#8217;ann\u00e9e<\/p>\n\n\n<div id=\"wp-block-themeisle-blocks-icon-list-3062acd9\" class=\"wp-block-themeisle-blocks-icon-list\">\n\n<div id=\"wp-block-themeisle-blocks-icon-list-item-555082c6\" class=\"wp-block-themeisle-blocks-icon-list-item\"><i class=\"fas fa-building wp-block-themeisle-blocks-icon-list-item-icon\"><\/i><p class=\"wp-block-themeisle-blocks-icon-list-item-content\">Location \u00e0 une soci\u00e9t\u00e9<\/p><\/div>\n\n\n<div id=\"wp-block-themeisle-blocks-icon-list-item-f2e7e2e7\" class=\"wp-block-themeisle-blocks-icon-list-item\"><i class=\"fas fa-home wp-block-themeisle-blocks-icon-list-item-icon\"><\/i><p class=\"wp-block-themeisle-blocks-icon-list-item-content\">Hors loi d&#8217;habitation classique<\/p><\/div>\n\n\n<div id=\"wp-block-themeisle-blocks-icon-list-item-ea820bbb\" class=\"wp-block-themeisle-blocks-icon-list-item\"><i class=\"fas fa-money-bill-wave wp-block-themeisle-blocks-icon-list-item-icon-custom\"><\/i><p class=\"wp-block-themeisle-blocks-icon-list-item-content\">Pas d&#8217;impay\u00e9<\/p><\/div>\n\n\n<div id=\"wp-block-themeisle-blocks-icon-list-item-4ec0860b\" class=\"wp-block-themeisle-blocks-icon-list-item\"><i class=\"fas fa-tools wp-block-themeisle-blocks-icon-list-item-icon\"><\/i><p class=\"wp-block-themeisle-blocks-icon-list-item-content\">Entretien r\u00e9gulier<\/p><\/div>\n\n<\/div>\n\n<\/div>\n\n\n<div id=\"wp-block-themeisle-blocks-advanced-column-257f33e2\" class=\"wp-block-themeisle-blocks-advanced-column\">\n\n<h3 id=\"wp-block-themeisle-blocks-advanced-heading-ae1f995c\" class=\"wp-block-themeisle-blocks-advanced-heading wp-block-themeisle-blocks-advanced-heading-ae1f995c\">Accompagnement<\/h3>\n\n\n<p id=\"wp-block-themeisle-blocks-advanced-heading-0f93182b\" class=\"wp-block-themeisle-blocks-advanced-heading wp-block-themeisle-blocks-advanced-heading-0f93182b\"><em>Sur devis et selon votre besoin<\/em><\/p>\n\n\n<div id=\"wp-block-themeisle-blocks-icon-list-5de20485\" class=\"wp-block-themeisle-blocks-icon-list\">\n\n<div id=\"wp-block-themeisle-blocks-icon-list-item-f98a92b8\" class=\"wp-block-themeisle-blocks-icon-list-item\"><i class=\"fas fa-code-branch wp-block-themeisle-blocks-icon-list-item-icon\"><\/i><p class=\"wp-block-themeisle-blocks-icon-list-item-content\">Strat\u00e9gie<\/p><\/div>\n\n\n<div id=\"wp-block-themeisle-blocks-icon-list-item-992b0536\" class=\"wp-block-themeisle-blocks-icon-list-item\"><i class=\"fas fa-cogs wp-block-themeisle-blocks-icon-list-item-icon\"><\/i><p class=\"wp-block-themeisle-blocks-icon-list-item-content\">Automatisation<\/p><\/div>\n\n\n<div id=\"wp-block-themeisle-blocks-icon-list-item-1b55f5d4\" class=\"wp-block-themeisle-blocks-icon-list-item\"><i class=\"fas fa-map-marked-alt wp-block-themeisle-blocks-icon-list-item-icon\"><\/i><p class=\"wp-block-themeisle-blocks-icon-list-item-content\">Etude de march\u00e9<\/p><\/div>\n\n\n<div id=\"wp-block-themeisle-blocks-icon-list-item-9791b2ae\" class=\"wp-block-themeisle-blocks-icon-list-item\"><i class=\"fas fa-pencil-ruler wp-block-themeisle-blocks-icon-list-item-icon\"><\/i><p class=\"wp-block-themeisle-blocks-icon-list-item-content\">Conception<\/p><\/div>\n\n<\/div>\n\n<\/div>\n\n<\/div><\/div>\n\n\n\n<div style=\"height:57px\" aria-hidden=\"true\" class=\"wp-block-spacer\"><\/div>\n\n\n\n<p>Pour toute question sur votre logement meubl\u00e9 saisonnier ou en courte dur\u00e9e \u00e0 l&#8217;ann\u00e9e, n&#8217;h\u00e9sitez pas \u00e0 nous contacter. Nous pourrions vous orienter et r\u00e9pondre \u00e0 vos questions avec plaisir.<br>Notre service de conciergerie peut aussi s&#8217;adapter \u00e0 certains de vos besoins personnalis\u00e9s, si vous souhaitez retirer certains services par exemple.<\/p>\n\n\n\n<div style=\"height:57px\" aria-hidden=\"true\" class=\"wp-block-spacer\"><\/div>\n\n\n\n<div id=\"wp-block-themeisle-blocks-advanced-columns-678cc482\" class=\"wp-block-themeisle-blocks-advanced-columns alignfull has-1-columns has-desktop-equal-layout has-tablet-equal-layout has-mobile-equal-layout has-vertical-bottom ticss-c00aadba\"><div class=\"wp-block-themeisle-blocks-advanced-columns-overlay\"><\/div><div class=\"innerblocks-wrap\">\n\n<div id=\"wp-block-themeisle-blocks-advanced-column-4d412c51\" class=\"wp-block-themeisle-blocks-advanced-column\">\n\n<h2 id=\"wp-block-themeisle-blocks-advanced-heading-fb3c7a39\" class=\"wp-block-themeisle-blocks-advanced-heading wp-block-themeisle-blocks-advanced-heading-fb3c7a39\">Prendre contact avec nous<\/h2>\n\n\n<div class=\"wp-block-buttons is-content-justification-center is-layout-flex wp-container-core-buttons-layout-1 wp-block-buttons-is-layout-flex\">\n\n<div class=\"wp-block-button is-style-primary\"><a class=\"wp-block-button__link wp-element-button\">C&#8217;est parti !<\/a><\/div>\n\n<\/div>\n\n<\/div>\n\n<\/div><\/div>\n","protected":false},"excerpt":{"rendered":"<p>Nos autres solutions pour votre logement Pour toute question sur votre logement meubl\u00e9 saisonnier ou en courte dur\u00e9e \u00e0 l&#8217;ann\u00e9e, n&#8217;h\u00e9sitez pas \u00e0 nous contacter. Nous pourrions vous orienter et r\u00e9pondre \u00e0 vos questions avec plaisir.Notre service de conciergerie peut aussi s&#8217;adapter \u00e0 certains de vos besoins personnalis\u00e9s, si vous souhaitez retirer certains services par&hellip;&nbsp;<a href=\"https:\/\/arverneshomes.fr\/index.php\/offer\/\" class=\"\" rel=\"bookmark\">Read More &raquo;<span class=\"screen-reader-text\">Nos services<\/span><\/a><\/p>\n","protected":false},"author":1,"featured_media":0,"parent":0,"menu_order":0,"comment_status":"closed","ping_status":"closed","template":"","meta":{"_monsterinsights_skip_tracking":false,"_monsterinsights_sitenote_active":false,"_monsterinsights_sitenote_note":"","_monsterinsights_sitenote_category":0,"_uf_show_specific_survey":0,"_uf_disable_surveys":false,"neve_meta_sidebar":"","neve_meta_container":"","neve_meta_enable_content_width":"","neve_meta_content_width":0,"neve_meta_title_alignment":"","neve_meta_author_avatar":"","neve_post_elements_order":"","neve_meta_disable_header":"","neve_meta_disable_footer":"","neve_meta_disable_title":"","_themeisle_gutenberg_block_has_review":false,"footnotes":""},"aioseo_notices":[],"_links":{"self":[{"href":"https:\/\/arverneshomes.fr\/index.php\/wp-json\/wp\/v2\/pages\/454"}],"collection":[{"href":"https:\/\/arverneshomes.fr\/index.php\/wp-json\/wp\/v2\/pages"}],"about":[{"href":"https:\/\/arverneshomes.fr\/index.php\/wp-json\/wp\/v2\/types\/page"}],"author":[{"embeddable":true,"href":"https:\/\/arverneshomes.fr\/index.php\/wp-json\/wp\/v2\/users\/1"}],"replies":[{"embeddable":true,"href":"https:\/\/arverneshomes.fr\/index.php\/wp-json\/wp\/v2\/comments?post=454"}],"version-history":[{"count":26,"href":"https:\/\/arverneshomes.fr\/index.php\/wp-json\/wp\/v2\/pages\/454\/revisions"}],"predecessor-version":[{"id":610,"href":"https:\/\/arverneshomes.fr\/index.php\/wp-json\/wp\/v2\/pages\/454\/revisions\/610"}],"wp:attachment":[{"href":"https:\/\/arverneshomes.fr\/index.php\/wp-json\/wp\/v2\/media?parent=454"}],"curies":[{"name":"wp","href":"https:\/\/api.w.org\/{rel}","templated":true}]}}