{"id":3,"date":"2024-01-29T17:10:17","date_gmt":"2024-01-29T16:10:17","guid":{"rendered":"https:\/\/arverneshomes.fr\/?page_id=3"},"modified":"2024-03-20T10:39:57","modified_gmt":"2024-03-20T09:39:57","slug":"privacy","status":"publish","type":"page","link":"https:\/\/arverneshomes.fr\/index.php\/privacy\/","title":{"rendered":"Politique de confidentialit\u00e9"},"content":{"rendered":"\n<h2 class=\"wp-block-heading\">Qui sommes-nous&nbsp;?<\/h2>\n\n\n\n<p>Notre site web, Arvernes Homes, accessible via <a href=\"https:\/\/arverneshomes.fr\/\">https:\/\/arverneshomes.fr<\/a> et <a href=\"https:\/\/arverneshomes.com\" title=\"\">https:\/\/arverneshomes.com<\/a> , est d\u00e9di\u00e9 \u00e0 la fourniture de services de conciergerie de location courte dur\u00e9e, de sous-location et d&#8217;accompagnement. Nous nous engageons \u00e0 prot\u00e9ger la vie priv\u00e9e de nos clients et visiteurs.<br><br>La soci\u00e9t\u00e9 Arvernes Homes est immatricul\u00e9e au R.C.S de Cusset sous le num\u00e9ro SIRET 98067809800016 et dont le si\u00e8ge social est situ\u00e9 au 23 avenue de russie 03700 Bellerive-sur-Allier.<\/p>\n\n\n\n<h2 class=\"wp-block-heading\">M\u00e9dias<\/h2>\n\n\n\n<p>Si vous t\u00e9l\u00e9versez des images sur le site, nous vous conseillons d\u2019\u00e9viter de t\u00e9l\u00e9verser des images contenant des donn\u00e9es EXIF de coordonn\u00e9es GPS.<\/p>\n\n\n\n<h2 class=\"wp-block-heading\">Cookies<\/h2>\n\n\n\n<p>Si vous d\u00e9posez un commentaire sur notre site, il vous sera propos\u00e9 d\u2019enregistrer votre nom, adresse e-mail et site dans des cookies. C\u2019est uniquement pour votre confort afin de ne pas avoir \u00e0 saisir ces informations si vous d\u00e9posez un autre commentaire plus tard. Ces cookies expirent au bout d\u2019un an.<\/p>\n\n\n\n<p>Si vous prenez contact via un formulaire, ces donn\u00e9es sont directement transmis par mail \u00e0 Ludovic.laurichesse@arverneshomes.fr les donn\u00e9es de ces formulaire sont supprim\u00e9es du site au bout de 6 mois.<\/p>\n\n\n\n<h2 class=\"wp-block-heading\">Contenu embarqu\u00e9 depuis d\u2019autres sites<\/h2>\n\n\n\n<p>Les articles de ce site peuvent inclure des contenus int\u00e9gr\u00e9s (par exemple des vid\u00e9os, images, articles\u2026). Le contenu int\u00e9gr\u00e9 depuis d\u2019autres sites se comporte de la m\u00eame mani\u00e8re que si le visiteur se rendait sur cet autre site.<\/p>\n\n\n\n<p>Ces sites web pourraient collecter des donn\u00e9es sur vous, utiliser des cookies, embarquer des outils de suivis tiers, suivre vos interactions avec ces contenus embarqu\u00e9s si vous disposez d\u2019un compte connect\u00e9 sur leur site web.<\/p>\n\n\n\n<h2 class=\"wp-block-heading\">Les droits que vous avez sur vos donn\u00e9es<\/h2>\n\n\n\n<p>Si vous avez laiss\u00e9 des commentaires, remplis un formulaire ou rentr\u00e9 tout autre information sur le site, vous pouvez demander \u00e0 recevoir un fichier contenant toutes les donn\u00e9es personnelles que nous poss\u00e9dons \u00e0 votre sujet, incluant celles que vous nous avez fournies. Vous pouvez \u00e9galement demander la suppression des donn\u00e9es personnelles vous concernant. Cela ne prend pas en compte les donn\u00e9es stock\u00e9es \u00e0 des fins administratives, l\u00e9gales ou pour des raisons de s\u00e9curit\u00e9.<\/p>\n\n\n\n<h2 class=\"wp-block-heading\">O\u00f9 vos donn\u00e9es sont envoy\u00e9es<\/h2>\n\n\n\n<p>Les donn\u00e9es sont stock\u00e9 sur un serveur d\u00e9tenu par Hostinger UK Limited, soci\u00e9t\u00e9 \u00e0 responsabilit\u00e9 limit\u00e9e britannique, dont l&#8217;adresse est Nwms Center, 31 Southampton Row, Bureau 3.11, 3\u00e8me \u00e9tage, London, England, WC1B 5HJ.<\/p>\n","protected":false},"excerpt":{"rendered":"<p>Qui sommes-nous&nbsp;? Notre site web, Arvernes Homes, accessible via https:\/\/arverneshomes.fr et https:\/\/arverneshomes.com , est d\u00e9di\u00e9 \u00e0 la fourniture de services de conciergerie de location courte dur\u00e9e, de sous-location et d&#8217;accompagnement. Nous nous engageons \u00e0 prot\u00e9ger la vie priv\u00e9e de nos clients et visiteurs. La soci\u00e9t\u00e9 Arvernes Homes est immatricul\u00e9e au R.C.S de Cusset sous le&hellip;&nbsp;<a href=\"https:\/\/arverneshomes.fr\/index.php\/privacy\/\" class=\"\" rel=\"bookmark\">Read More &raquo;<span class=\"screen-reader-text\">Politique de confidentialit\u00e9<\/span><\/a><\/p>\n","protected":false},"author":1,"featured_media":0,"parent":0,"menu_order":0,"comment_status":"closed","ping_status":"closed","template":"","meta":{"_monsterinsights_skip_tracking":false,"_monsterinsights_sitenote_active":false,"_monsterinsights_sitenote_note":"","_monsterinsights_sitenote_category":0,"_uf_show_specific_survey":0,"_uf_disable_surveys":false,"neve_meta_sidebar":"","neve_meta_container":"","neve_meta_enable_content_width":"","neve_meta_content_width":0,"neve_meta_title_alignment":"","neve_meta_author_avatar":"","neve_post_elements_order":"","neve_meta_disable_header":"","neve_meta_disable_footer":"","neve_meta_disable_title":"","_themeisle_gutenberg_block_has_review":false,"footnotes":""},"aioseo_notices":[],"_links":{"self":[{"href":"https:\/\/arverneshomes.fr\/index.php\/wp-json\/wp\/v2\/pages\/3"}],"collection":[{"href":"https:\/\/arverneshomes.fr\/index.php\/wp-json\/wp\/v2\/pages"}],"about":[{"href":"https:\/\/arverneshomes.fr\/index.php\/wp-json\/wp\/v2\/types\/page"}],"author":[{"embeddable":true,"href":"https:\/\/arverneshomes.fr\/index.php\/wp-json\/wp\/v2\/users\/1"}],"replies":[{"embeddable":true,"href":"https:\/\/arverneshomes.fr\/index.php\/wp-json\/wp\/v2\/comments?post=3"}],"version-history":[{"count":3,"href":"https:\/\/arverneshomes.fr\/index.php\/wp-json\/wp\/v2\/pages\/3\/revisions"}],"predecessor-version":[{"id":600,"href":"https:\/\/arverneshomes.fr\/index.php\/wp-json\/wp\/v2\/pages\/3\/revisions\/600"}],"wp:attachment":[{"href":"https:\/\/arverneshomes.fr\/index.php\/wp-json\/wp\/v2\/media?parent=3"}],"curies":[{"name":"wp","href":"https:\/\/api.w.org\/{rel}","templated":true}]}}